{"id":2243,"date":"2023-08-24T08:50:47","date_gmt":"2023-08-24T05:50:47","guid":{"rendered":"https:\/\/websitesi-kurma.com\/demo-chd8\/imprint\/"},"modified":"2023-09-25T12:50:51","modified_gmt":"2023-09-25T09:50:51","slug":"imprint","status":"publish","type":"page","link":"https:\/\/alfatechmuhendislik.com\/tr\/imprint\/","title":{"rendered":"Imprint"},"content":{"rendered":"\n<p>\u00a7 5 TMG&#8217;ye g\u00f6re:<br\/>Alfatech <br\/><br\/><strong>\u0130le temsil edilen:<\/strong><br\/><br\/><strong>\u0130leti\u015fim:<\/strong><br\/><strong>Telefon:<\/strong> <br\/><strong>Email:<\/strong> <br\/><strong>Katma De\u011fer Vergisi:<\/strong><br\/>Sat\u0131\u015f vergisi yasas\u0131n\u0131n 27. maddesine g\u00f6re sat\u0131\u015f vergisi kimlik numaras\u0131: Gisa numaras\u0131 36195374<br\/>Mesleki sorumluluk sigortas\u0131na ili\u015fkin bilgiler Sigortac\u0131n\u0131n ad\u0131 ve kay\u0131tl\u0131 i\u015fyeri:<br\/>Exali GmbH Franz-Kobinger-Str. 9 86157 Augsburg<br\/>Sigortan\u0131n ge\u00e7erlilik alan\u0131:<br\/>European Union<br\/>tart\u0131\u015fmal\u0131 karar<br\/>T\u00fcketici hakem heyeti \u00f6n\u00fcnde anla\u015fmazl\u0131klar\u0131n \u00e7\u00f6z\u00fcm\u00fc prosed\u00fcrlerine kat\u0131lmaya istekli veya y\u00fck\u00fcml\u00fc de\u011filiz.<br\/>\u0130\u00e7erik sorumlulu\u011fu<br\/>Bir hizmet sa\u011flay\u0131c\u0131 olarak, Alman Telemedya Yasas\u0131 (TMG) B\u00f6l\u00fcm 7, Paragraf 1 uyar\u0131nca bu sayfalardaki kendi i\u00e7eri\u011fimizden sorumluyuz. Ancak TMG&#8217;nin 8 ila 10. Maddeleri uyar\u0131nca, hizmet sa\u011flay\u0131c\u0131 olarak biz, iletilen veya saklanan \u00fc\u00e7\u00fcnc\u00fc taraf bilgilerini izlemek veya yasa d\u0131\u015f\u0131 faaliyete i\u015faret eden durumlar\u0131 ara\u015ft\u0131rmakla y\u00fck\u00fcml\u00fc de\u011filiz.<br\/>Genel yasalara g\u00f6re bilgilerin kald\u0131r\u0131lmas\u0131 veya kullan\u0131m\u0131n\u0131n engellenmesine ili\u015fkin y\u00fck\u00fcml\u00fcl\u00fckler bundan etkilenmez. Ancak bu ba\u011flamda sorumluluk ancak belirli bir yasa ihlaline ili\u015fkin bilginin \u00f6\u011frenildi\u011fi andan itibaren m\u00fcmk\u00fcnd\u00fcr. Herhangi bir yasa ihlalinin fark\u0131na var\u0131r varmaz bu i\u00e7eri\u011fi derhal kald\u0131raca\u011f\u0131z.<br\/>Ba\u011flant\u0131lara ili\u015fkin sorumluluk<br\/>Teklifimiz \u00fczerinde hi\u00e7bir etkimizin olmad\u0131\u011f\u0131 harici web sitelerine ba\u011flant\u0131lar i\u00e7erir. Bu nedenle bu harici i\u00e7erikle ilgili herhangi bir sorumluluk kabul edemeyiz. Ba\u011flant\u0131 verilen sayfalar\u0131n i\u00e7eri\u011finden her zaman sayfalar\u0131n ilgili sa\u011flay\u0131c\u0131s\u0131 veya operat\u00f6r\u00fc sorumludur. Ba\u011flant\u0131 verilen sayfalar, ba\u011flant\u0131 verildi\u011fi s\u0131rada olas\u0131 yasal ihlallere kar\u015f\u0131 kontrol edildi. Ba\u011flant\u0131 verildi\u011fi s\u0131rada yasa d\u0131\u015f\u0131 i\u00e7erik fark edilmiyordu.<br\/>Ancak, ba\u011flant\u0131l\u0131 sayfalar\u0131n i\u00e7eri\u011finin kal\u0131c\u0131 olarak kontrol edilmesi, bir ihlale dair somut deliller olmadan makul de\u011fildir. Yasal ihlallerin fark\u0131na var\u0131r varmaz bu t\u00fcr ba\u011flant\u0131lar\u0131 derhal kald\u0131raca\u011f\u0131z.<br\/>copyright<br\/>Bu sayfalarda site operat\u00f6rleri taraf\u0131ndan olu\u015fturulan i\u00e7erik ve eserler Alman telif hakk\u0131 kanununa tabidir. Telif hakk\u0131 s\u0131n\u0131rlar\u0131 d\u0131\u015f\u0131ndaki \u00e7o\u011faltma, d\u00fczenleme, da\u011f\u0131t\u0131m ve her t\u00fcrl\u00fc kullan\u0131m, ilgili yazar\u0131n veya yarat\u0131c\u0131n\u0131n yaz\u0131l\u0131 iznini gerektirir. Bu sitenin indirilmesine ve kopyalanmas\u0131na yaln\u0131zca \u00f6zel, ticari olmayan kullan\u0131m i\u00e7in izin verilmektedir.<br\/>Bu sitedeki i\u00e7erik operat\u00f6r taraf\u0131ndan olu\u015fturulmad\u0131\u011f\u0131 s\u00fcrece \u00fc\u00e7\u00fcnc\u00fc \u015fah\u0131slar\u0131n telif haklar\u0131 g\u00f6zetilmektedir. \u00d6zellikle \u00fc\u00e7\u00fcnc\u00fc taraflar\u0131n i\u00e7erikleri bu \u015fekilde i\u015faretlenir. Yine de bir telif hakk\u0131 ihlalinin fark\u0131na var\u0131rsan\u0131z, bizi buna g\u00f6re bilgilendirmenizi rica ediyoruz. Yasal ihlallerin fark\u0131na var\u0131r varmaz bu t\u00fcr i\u00e7erikleri derhal kald\u0131raca\u011f\u0131z.<br\/>Sorular\u0131n\u0131z i\u00e7in her zaman haz\u0131r\u0131z. Chris and Friends GmbH hukuki konularda uygun uzman avukatlar taraf\u0131ndan temsil edilir ve tavsiyelerde bulunur. Tekliflerimizle ilgili herhangi bir sorunuz veya ele\u015ftiriniz varsa l\u00fctfen bizimle ileti\u015fime ge\u00e7in.<\/p>\n","protected":false},"excerpt":{"rendered":"<p>\u00a7 5 TMG&#8217;ye g\u00f6re:Alfatech \u0130le temsil edilen: \u0130leti\u015fim:Telefon: Email: Katma De\u011fer Vergisi:Sat\u0131\u015f vergisi yasas\u0131n\u0131n 27. maddesine g\u00f6re sat\u0131\u015f vergisi kimlik numaras\u0131: Gisa numaras\u0131 36195374Mesleki sorumluluk sigortas\u0131na ili\u015fkin bilgiler Sigortac\u0131n\u0131n ad\u0131 ve kay\u0131tl\u0131 i\u015fyeri:Exali GmbH Franz-Kobinger-Str. 9 86157 AugsburgSigortan\u0131n ge\u00e7erlilik alan\u0131:European Uniontart\u0131\u015fmal\u0131 kararT\u00fcketici hakem heyeti \u00f6n\u00fcnde anla\u015fmazl\u0131klar\u0131n \u00e7\u00f6z\u00fcm\u00fc prosed\u00fcrlerine kat\u0131lmaya istekli veya y\u00fck\u00fcml\u00fc de\u011filiz.\u0130\u00e7erik sorumlulu\u011fuBir hizmet [&hellip;]<\/p>\n","protected":false},"author":1,"featured_media":0,"parent":0,"menu_order":0,"comment_status":"closed","ping_status":"closed","template":"","meta":{"footnotes":""},"_links":{"self":[{"href":"https:\/\/alfatechmuhendislik.com\/tr\/wp-json\/wp\/v2\/pages\/2243"}],"collection":[{"href":"https:\/\/alfatechmuhendislik.com\/tr\/wp-json\/wp\/v2\/pages"}],"about":[{"href":"https:\/\/alfatechmuhendislik.com\/tr\/wp-json\/wp\/v2\/types\/page"}],"author":[{"embeddable":true,"href":"https:\/\/alfatechmuhendislik.com\/tr\/wp-json\/wp\/v2\/users\/1"}],"replies":[{"embeddable":true,"href":"https:\/\/alfatechmuhendislik.com\/tr\/wp-json\/wp\/v2\/comments?post=2243"}],"version-history":[{"count":1,"href":"https:\/\/alfatechmuhendislik.com\/tr\/wp-json\/wp\/v2\/pages\/2243\/revisions"}],"predecessor-version":[{"id":2244,"href":"https:\/\/alfatechmuhendislik.com\/tr\/wp-json\/wp\/v2\/pages\/2243\/revisions\/2244"}],"wp:attachment":[{"href":"https:\/\/alfatechmuhendislik.com\/tr\/wp-json\/wp\/v2\/media?parent=2243"}],"curies":[{"name":"wp","href":"https:\/\/api.w.org\/{rel}","templated":true}]}}