{"id":2325,"date":"2023-09-13T12:34:21","date_gmt":"2023-09-13T09:34:21","guid":{"rendered":"https:\/\/websitesi-kurma.com\/demo-chd8\/urun\/endustriyel-mikserler\/"},"modified":"2023-09-13T12:34:21","modified_gmt":"2023-09-13T09:34:21","slug":"industrial-mixers","status":"publish","type":"product","link":"https:\/\/alfatechmuhendislik.com\/tr\/urun\/industrial-mixers\/","title":{"rendered":"End\u00fcstriyel Mikserler"},"content":{"rendered":"<p>Do\u011fru kar\u0131\u015ft\u0131rma teknolojisini se\u00e7mek \u00e7ok \u00f6nemlidir; Bu yaln\u0131zca \u00f6nemli bir i\u015fleme kriteri de\u011fil &#8211; m\u00fcmk\u00fcn olan en k\u0131sa s\u00fcrede &#8220;bal\u0131k g\u00f6zleri&#8221; ve topaklanmalardan ar\u0131nm\u0131\u015f homojen bir nihai \u00fcr\u00fcn\u00fcn \u00fcretilmesini sa\u011flamak &#8211; ayn\u0131 zamanda parti d\u00f6ng\u00fc s\u00fcresini ve toplam sahip olma maliyetini de etkiliyor.<\/p>\n","protected":false},"excerpt":{"rendered":"<p>Do\u011fru kar\u0131\u015ft\u0131rma teknolojisini se\u00e7mek \u00e7ok \u00f6nemlidir; Bu yaln\u0131zca \u00f6nemli bir i\u015fleme kriteri de\u011fil &#8211; m\u00fcmk\u00fcn olan en k\u0131sa s\u00fcrede &#8220;bal\u0131k g\u00f6zleri&#8221; ve topaklanmalardan ar\u0131nm\u0131\u015f homojen bir nihai \u00fcr\u00fcn\u00fcn \u00fcretilmesini sa\u011flamak &#8211; ayn\u0131 zamanda parti d\u00f6ng\u00fc s\u00fcresini ve toplam sahip olma maliyetini de etkiliyor.<\/p>\n","protected":false},"featured_media":2013,"comment_status":"open","ping_status":"closed","template":"","meta":[],"product_cat":[59,58],"product_tag":[],"_links":{"self":[{"href":"https:\/\/alfatechmuhendislik.com\/tr\/wp-json\/wp\/v2\/product\/2325"}],"collection":[{"href":"https:\/\/alfatechmuhendislik.com\/tr\/wp-json\/wp\/v2\/product"}],"about":[{"href":"https:\/\/alfatechmuhendislik.com\/tr\/wp-json\/wp\/v2\/types\/product"}],"replies":[{"embeddable":true,"href":"https:\/\/alfatechmuhendislik.com\/tr\/wp-json\/wp\/v2\/comments?post=2325"}],"wp:featuredmedia":[{"embeddable":true,"href":"https:\/\/alfatechmuhendislik.com\/tr\/wp-json\/wp\/v2\/media\/2013"}],"wp:attachment":[{"href":"https:\/\/alfatechmuhendislik.com\/tr\/wp-json\/wp\/v2\/media?parent=2325"}],"wp:term":[{"taxonomy":"product_cat","embeddable":true,"href":"https:\/\/alfatechmuhendislik.com\/tr\/wp-json\/wp\/v2\/product_cat?post=2325"},{"taxonomy":"product_tag","embeddable":true,"href":"https:\/\/alfatechmuhendislik.com\/tr\/wp-json\/wp\/v2\/product_tag?post=2325"}],"curies":[{"name":"wp","href":"https:\/\/api.w.org\/{rel}","templated":true}]}}