{"id":2327,"date":"2023-09-11T12:38:55","date_gmt":"2023-09-11T09:38:55","guid":{"rendered":"https:\/\/websitesi-kurma.com\/demo-chd8\/urun\/esanjor\/"},"modified":"2023-09-11T12:38:55","modified_gmt":"2023-09-11T09:38:55","slug":"heat-exchanger","status":"publish","type":"product","link":"https:\/\/alfatechmuhendislik.com\/tr\/urun\/heat-exchanger\/","title":{"rendered":"E\u015fanj\u00f6r"},"content":{"rendered":"<p>Is\u0131 e\u015fanj\u00f6rleri, \u0131s\u0131y\u0131 bir \u00e7al\u0131\u015fma ak\u0131\u015fkan\u0131ndan ikincil bir ak\u0131\u015fkana veya \u00e7evredeki havaya aktarmak i\u00e7in tasarlanm\u0131\u015ft\u0131r. Is\u0131 e\u015fanj\u00f6r\u00fc, faz de\u011fi\u015fiklikleri s\u0131ras\u0131nda, bu durumda buhar\u0131n s\u0131v\u0131ya yo\u011funla\u015fmas\u0131 s\u0131ras\u0131nda meydana gelen verimli \u0131s\u0131 transferine dayan\u0131r.<\/p>\n<p>Is\u0131 de\u011fi\u015ftirici tasar\u0131m\u0131nda, \u00e7al\u0131\u015fma ak\u0131\u015fkan\u0131, ikincil ak\u0131\u015fkan, geometri ve malzeme gibi tasar\u0131m de\u011fi\u015fkenleri ile say\u0131s\u0131z varyasyon mevcuttur. Yayg\u0131n ikincil ak\u0131\u015fkanlar aras\u0131nda su, hava, so\u011futucu ak\u0131\u015fkanlar veya faz de\u011fi\u015ftiren malzemeler bulunur.<\/p>\n<p class=\"lead\">\n","protected":false},"excerpt":{"rendered":"<p>Is\u0131 e\u015fanj\u00f6rleri, \u0131s\u0131y\u0131 bir \u00e7al\u0131\u015fma ak\u0131\u015fkan\u0131ndan ikincil bir ak\u0131\u015fkana veya \u00e7evredeki havaya aktarmak i\u00e7in tasarlanm\u0131\u015ft\u0131r. Is\u0131 e\u015fanj\u00f6r\u00fc, faz de\u011fi\u015fiklikleri s\u0131ras\u0131nda, bu durumda buhar\u0131n s\u0131v\u0131ya yo\u011funla\u015fmas\u0131 s\u0131ras\u0131nda meydana gelen verimli \u0131s\u0131 transferine dayan\u0131r. Is\u0131 de\u011fi\u015ftirici tasar\u0131m\u0131nda, \u00e7al\u0131\u015fma ak\u0131\u015fkan\u0131, ikincil ak\u0131\u015fkan, geometri ve malzeme gibi tasar\u0131m de\u011fi\u015fkenleri ile say\u0131s\u0131z varyasyon mevcuttur. Yayg\u0131n ikincil ak\u0131\u015fkanlar aras\u0131nda su, hava, [&hellip;]<\/p>\n","protected":false},"featured_media":2116,"comment_status":"open","ping_status":"closed","template":"","meta":[],"product_cat":[61],"product_tag":[],"_links":{"self":[{"href":"https:\/\/alfatechmuhendislik.com\/tr\/wp-json\/wp\/v2\/product\/2327"}],"collection":[{"href":"https:\/\/alfatechmuhendislik.com\/tr\/wp-json\/wp\/v2\/product"}],"about":[{"href":"https:\/\/alfatechmuhendislik.com\/tr\/wp-json\/wp\/v2\/types\/product"}],"replies":[{"embeddable":true,"href":"https:\/\/alfatechmuhendislik.com\/tr\/wp-json\/wp\/v2\/comments?post=2327"}],"wp:featuredmedia":[{"embeddable":true,"href":"https:\/\/alfatechmuhendislik.com\/tr\/wp-json\/wp\/v2\/media\/2116"}],"wp:attachment":[{"href":"https:\/\/alfatechmuhendislik.com\/tr\/wp-json\/wp\/v2\/media?parent=2327"}],"wp:term":[{"taxonomy":"product_cat","embeddable":true,"href":"https:\/\/alfatechmuhendislik.com\/tr\/wp-json\/wp\/v2\/product_cat?post=2327"},{"taxonomy":"product_tag","embeddable":true,"href":"https:\/\/alfatechmuhendislik.com\/tr\/wp-json\/wp\/v2\/product_tag?post=2327"}],"curies":[{"name":"wp","href":"https:\/\/api.w.org\/{rel}","templated":true}]}}