{"id":2329,"date":"2023-09-11T12:28:37","date_gmt":"2023-09-11T09:28:37","guid":{"rendered":"https:\/\/websitesi-kurma.com\/demo-chd8\/urun\/pilot-boy-proses-sistemleri\/"},"modified":"2023-09-11T12:28:37","modified_gmt":"2023-09-11T09:28:37","slug":"pilot-size-process-systems","status":"publish","type":"product","link":"https:\/\/alfatechmuhendislik.com\/tr\/urun\/pilot-size-process-systems\/","title":{"rendered":"Pilot Boy Proses Sistemleri"},"content":{"rendered":"<p>\u00dcniversal Reakt\u00f6rlerimiz, dam\u0131tma, faz ay\u0131rma ve dozaj dahil \u00e7o\u011fu reaksiyon prosesinin ihtiya\u00e7lar\u0131n\u0131 kar\u015f\u0131layan \u00e7e\u015fitli \u00f6zelliklere sahip \u00e7ok y\u00f6nl\u00fc ve y\u00fcksek kaliteli bir sistemdir. Yap\u0131m\u0131na ili\u015fkin bilgi ve deneyimimiz, m\u00fckemmel de\u011fer sunan \u00e7ok i\u015flevli bir kimyasal i\u015fleme sistemiyle sonu\u00e7lan\u0131r. Her sistem sipari\u015fe g\u00f6re \u00fcretilir ve dolay\u0131s\u0131yla \u00f6zel proses ihtiya\u00e7lar\u0131n\u0131z\u0131 kar\u015f\u0131layacak \u015fekilde tamamen yap\u0131land\u0131r\u0131labilir.<\/p>\n<p>\u00d6zellikler:<\/p>\n<ul>\n<li>Reaksiyon &#8211; vakumdan atm&#8217;ye<\/li>\n<li>S\u0131cakl\u0131k reg\u00fclasyonu<\/li>\n<li>S\u0131cakl\u0131k izleme<\/li>\n<li>\u00c7alkalama<\/li>\n<li>Refl\u00fc yo\u011funla\u015fmas\u0131<\/li>\n<li>Faz ayr\u0131m\u0131<\/li>\n<li>Vakumlama ve Bas\u0131n\u00e7land\u0131rma<\/li>\n<li>Dam\u0131tma<\/li>\n<li>\u00dcr\u00fcn so\u011futma&amp;\u0131s\u0131tma<\/li>\n<li>Bas\u0131n\u00e7 izleme ve tahliye<\/li>\n<li>\u0130nert atmosferik reaksiyonlar<\/li>\n<li>Kullan\u0131c\u0131 iste\u011fine g\u00f6re ek i\u015flevler<\/li>\n<\/ul>\n","protected":false},"excerpt":{"rendered":"<p>\u00dcniversal Reakt\u00f6rlerimiz, dam\u0131tma, faz ay\u0131rma ve dozaj dahil \u00e7o\u011fu reaksiyon prosesinin ihtiya\u00e7lar\u0131n\u0131 kar\u015f\u0131layan \u00e7e\u015fitli \u00f6zelliklere sahip \u00e7ok y\u00f6nl\u00fc ve y\u00fcksek kaliteli bir sistemdir. Yap\u0131m\u0131na ili\u015fkin bilgi ve deneyimimiz, m\u00fckemmel de\u011fer sunan \u00e7ok i\u015flevli bir kimyasal i\u015fleme sistemiyle sonu\u00e7lan\u0131r. Her sistem sipari\u015fe g\u00f6re \u00fcretilir ve dolay\u0131s\u0131yla \u00f6zel proses ihtiya\u00e7lar\u0131n\u0131z\u0131 kar\u015f\u0131layacak \u015fekilde tamamen yap\u0131land\u0131r\u0131labilir. \u00d6zellikler: Reaksiyon &#8211; [&hellip;]<\/p>\n","protected":false},"featured_media":2112,"comment_status":"open","ping_status":"closed","template":"","meta":[],"product_cat":[62],"product_tag":[],"_links":{"self":[{"href":"https:\/\/alfatechmuhendislik.com\/tr\/wp-json\/wp\/v2\/product\/2329"}],"collection":[{"href":"https:\/\/alfatechmuhendislik.com\/tr\/wp-json\/wp\/v2\/product"}],"about":[{"href":"https:\/\/alfatechmuhendislik.com\/tr\/wp-json\/wp\/v2\/types\/product"}],"replies":[{"embeddable":true,"href":"https:\/\/alfatechmuhendislik.com\/tr\/wp-json\/wp\/v2\/comments?post=2329"}],"wp:featuredmedia":[{"embeddable":true,"href":"https:\/\/alfatechmuhendislik.com\/tr\/wp-json\/wp\/v2\/media\/2112"}],"wp:attachment":[{"href":"https:\/\/alfatechmuhendislik.com\/tr\/wp-json\/wp\/v2\/media?parent=2329"}],"wp:term":[{"taxonomy":"product_cat","embeddable":true,"href":"https:\/\/alfatechmuhendislik.com\/tr\/wp-json\/wp\/v2\/product_cat?post=2329"},{"taxonomy":"product_tag","embeddable":true,"href":"https:\/\/alfatechmuhendislik.com\/tr\/wp-json\/wp\/v2\/product_tag?post=2329"}],"curies":[{"name":"wp","href":"https:\/\/api.w.org\/{rel}","templated":true}]}}