{"id":2330,"date":"2023-09-11T12:25:23","date_gmt":"2023-09-11T09:25:23","guid":{"rendered":"https:\/\/websitesi-kurma.com\/demo-chd8\/urun\/danismanlik-hizmetleri\/"},"modified":"2023-09-11T12:25:23","modified_gmt":"2023-09-11T09:25:23","slug":"consultancy-services","status":"publish","type":"product","link":"https:\/\/alfatechmuhendislik.com\/tr\/urun\/consultancy-services\/","title":{"rendered":"Dan\u0131\u015fmanl\u0131k Hizmetleri"},"content":{"rendered":"<section class=\"content-block content-block--left content-block--1\">\n<div class=\"container\">\n<div class=\"content-block__content\">\n<div class=\"rich-text\">\n<div class=\"elementor-element elementor-element-2a723616 elementor-widget elementor-widget-text-editor\" data-id=\"2a723616\" data-element_type=\"widget\" data-widget_type=\"text-editor.default\">\n<div class=\"elementor-widget-container\">\n<div class=\"page-top__container container\">\n<div class=\"page-top__content\">\n<div class=\"page-top__text hidden md:block\">\n<div class=\"page-top__container container\">\n<div class=\"page-top__content\">\n<div class=\"page-top__text hidden md:block\">\n<p>M\u00fc\u015fteri tarafl\u0131 dan\u0131\u015fmanl\u0131k hizmetlerimiz, m\u00fc\u015fterilerimizin en kritik sorunlar\u0131na odaklan\u0131r; proses otomasyonu, proses tasar\u0131m\u0131, proses ba\u015flatma, optimum tasar\u0131m ve hesaplamalar, tesis montaj\u0131, ATEX Sertifikasyonu ve m\u00fchendislik deste\u011fi bir\u00e7ok end\u00fcstriyi destekler.<\/p>\n<\/div>\n<\/div>\n<\/div>\n<\/div>\n<\/div>\n<\/div>\n<\/div>\n<\/div>\n<\/div>\n<\/div>\n<\/div>\n<\/section>\n","protected":false},"excerpt":{"rendered":"<p>M\u00fc\u015fteri tarafl\u0131 dan\u0131\u015fmanl\u0131k hizmetlerimiz, m\u00fc\u015fterilerimizin en kritik sorunlar\u0131na odaklan\u0131r; proses otomasyonu, proses tasar\u0131m\u0131, proses ba\u015flatma, optimum tasar\u0131m ve hesaplamalar, tesis montaj\u0131, ATEX Sertifikasyonu ve m\u00fchendislik deste\u011fi bir\u00e7ok end\u00fcstriyi destekler.<\/p>\n","protected":false},"featured_media":2109,"comment_status":"open","ping_status":"closed","template":"","meta":[],"product_cat":[63],"product_tag":[],"_links":{"self":[{"href":"https:\/\/alfatechmuhendislik.com\/tr\/wp-json\/wp\/v2\/product\/2330"}],"collection":[{"href":"https:\/\/alfatechmuhendislik.com\/tr\/wp-json\/wp\/v2\/product"}],"about":[{"href":"https:\/\/alfatechmuhendislik.com\/tr\/wp-json\/wp\/v2\/types\/product"}],"replies":[{"embeddable":true,"href":"https:\/\/alfatechmuhendislik.com\/tr\/wp-json\/wp\/v2\/comments?post=2330"}],"wp:featuredmedia":[{"embeddable":true,"href":"https:\/\/alfatechmuhendislik.com\/tr\/wp-json\/wp\/v2\/media\/2109"}],"wp:attachment":[{"href":"https:\/\/alfatechmuhendislik.com\/tr\/wp-json\/wp\/v2\/media?parent=2330"}],"wp:term":[{"taxonomy":"product_cat","embeddable":true,"href":"https:\/\/alfatechmuhendislik.com\/tr\/wp-json\/wp\/v2\/product_cat?post=2330"},{"taxonomy":"product_tag","embeddable":true,"href":"https:\/\/alfatechmuhendislik.com\/tr\/wp-json\/wp\/v2\/product_tag?post=2330"}],"curies":[{"name":"wp","href":"https:\/\/api.w.org\/{rel}","templated":true}]}}