{"id":2331,"date":"2023-09-11T12:23:30","date_gmt":"2023-09-11T09:23:30","guid":{"rendered":"https:\/\/websitesi-kurma.com\/demo-chd8\/urun\/otomasyon-sistemleri\/"},"modified":"2023-09-11T12:23:30","modified_gmt":"2023-09-11T09:23:30","slug":"automation-systems","status":"publish","type":"product","link":"https:\/\/alfatechmuhendislik.com\/tr\/urun\/automation-systems\/","title":{"rendered":"Otomasyon Sistemleri"},"content":{"rendered":"<section class=\"content-block content-block--left content-block--1\">\n<div class=\"container\">\n<div class=\"content-block__content\">\n<div class=\"rich-text\">\n<p>S\u00fcre\u00e7 otomasyonu, bir i\u015f s\u00fcrecini daha k\u00fc\u00e7\u00fck, daha y\u00f6netilebilir bile\u015fenlere b\u00f6lerek ve ard\u0131ndan bu bile\u015fenleri otomatikle\u015ftirerek \u00e7al\u0131\u015f\u0131r. Proses otomasyonu sayesinde verimlilik, zaman tasarrufu, k\u00e2r, enerji tasarrufu ve g\u00fcvenlik artar. Y\u00fcksek kaliteli s\u00fcre\u00e7 otomasyonu sayesinde m\u00fc\u015fteriler sistemi istedikleri zaman, istedikleri tarihte kontrol edip y\u00f6netebilirler.<\/p>\n<p>Bile\u015fenler otomatikle\u015ftirildikten sonra daha b\u00fcy\u00fck bir i\u015f s\u00fcrecini d\u00fczenleyen bir i\u015f ak\u0131\u015f\u0131na entegre edilebilirler. Bu i\u015f ak\u0131\u015f\u0131, bir kurulu\u015fun \u00f6zel ihtiya\u00e7lar\u0131n\u0131 kar\u015f\u0131layacak \u015fekilde \u00f6zelle\u015ftirilebilir, b\u00f6ylece daha fazla esneklik ve uyarlanabilirlik sa\u011flan\u0131r.<\/p>\n<\/div>\n<\/div>\n<\/div>\n<\/section>\n","protected":false},"excerpt":{"rendered":"<p>S\u00fcre\u00e7 otomasyonu, bir i\u015f s\u00fcrecini daha k\u00fc\u00e7\u00fck, daha y\u00f6netilebilir bile\u015fenlere b\u00f6lerek ve ard\u0131ndan bu bile\u015fenleri otomatikle\u015ftirerek \u00e7al\u0131\u015f\u0131r. Proses otomasyonu sayesinde verimlilik, zaman tasarrufu, k\u00e2r, enerji tasarrufu ve g\u00fcvenlik artar. Y\u00fcksek kaliteli s\u00fcre\u00e7 otomasyonu sayesinde m\u00fc\u015fteriler sistemi istedikleri zaman, istedikleri tarihte kontrol edip y\u00f6netebilirler. Bile\u015fenler otomatikle\u015ftirildikten sonra daha b\u00fcy\u00fck bir i\u015f s\u00fcrecini d\u00fczenleyen bir i\u015f ak\u0131\u015f\u0131na [&hellip;]<\/p>\n","protected":false},"featured_media":2104,"comment_status":"open","ping_status":"closed","template":"","meta":[],"product_cat":[64],"product_tag":[],"_links":{"self":[{"href":"https:\/\/alfatechmuhendislik.com\/tr\/wp-json\/wp\/v2\/product\/2331"}],"collection":[{"href":"https:\/\/alfatechmuhendislik.com\/tr\/wp-json\/wp\/v2\/product"}],"about":[{"href":"https:\/\/alfatechmuhendislik.com\/tr\/wp-json\/wp\/v2\/types\/product"}],"replies":[{"embeddable":true,"href":"https:\/\/alfatechmuhendislik.com\/tr\/wp-json\/wp\/v2\/comments?post=2331"}],"wp:featuredmedia":[{"embeddable":true,"href":"https:\/\/alfatechmuhendislik.com\/tr\/wp-json\/wp\/v2\/media\/2104"}],"wp:attachment":[{"href":"https:\/\/alfatechmuhendislik.com\/tr\/wp-json\/wp\/v2\/media?parent=2331"}],"wp:term":[{"taxonomy":"product_cat","embeddable":true,"href":"https:\/\/alfatechmuhendislik.com\/tr\/wp-json\/wp\/v2\/product_cat?post=2331"},{"taxonomy":"product_tag","embeddable":true,"href":"https:\/\/alfatechmuhendislik.com\/tr\/wp-json\/wp\/v2\/product_tag?post=2331"}],"curies":[{"name":"wp","href":"https:\/\/api.w.org\/{rel}","templated":true}]}}