{"id":2333,"date":"2023-09-11T12:11:39","date_gmt":"2023-09-11T09:11:39","guid":{"rendered":"https:\/\/websitesi-kurma.com\/demo-chd8\/urun\/ekipmanlar\/"},"modified":"2023-09-11T12:11:39","modified_gmt":"2023-09-11T09:11:39","slug":"equipments","status":"publish","type":"product","link":"https:\/\/alfatechmuhendislik.com\/tr\/urun\/equipments\/","title":{"rendered":"Ekipmanlar"},"content":{"rendered":"<section class=\"content-block content-block--left content-block--1\">\n<div class=\"container\">\n<div class=\"content-block__content\">\n<div class=\"rich-text\">\n<p class=\"lead\">Dozajlama sistemleri, yiyecek ve i\u00e7ecekten evcil hayvan g\u0131das\u0131na, end\u00fcstriyel kimyasallara, pestisitlere, sanitasyona ve daha bir\u00e7ok uygulamaya kadar \u00e7ok \u00e7e\u015fitli end\u00fcstrilerde kullan\u0131lmaktad\u0131r. Kimyasal dozaj sistemleri, \u00e7e\u015fitli end\u00fcstrilerde ve uygulamalarda kimyasallar\u0131 bir prosese veya sisteme do\u011fru ve verimli bir \u015fekilde eklemek i\u00e7in kullan\u0131l\u0131r. Bu sistemler hassas miktarda kimyasal madde da\u011f\u0131tmak \u00fczere tasarlanm\u0131\u015ft\u0131r.<\/p>\n<\/div>\n<\/div>\n<\/div>\n<\/section>\n","protected":false},"excerpt":{"rendered":"<p>Dozajlama sistemleri, yiyecek ve i\u00e7ecekten evcil hayvan g\u0131das\u0131na, end\u00fcstriyel kimyasallara, pestisitlere, sanitasyona ve daha bir\u00e7ok uygulamaya kadar \u00e7ok \u00e7e\u015fitli end\u00fcstrilerde kullan\u0131lmaktad\u0131r. Kimyasal dozaj sistemleri, \u00e7e\u015fitli end\u00fcstrilerde ve uygulamalarda kimyasallar\u0131 bir prosese veya sisteme do\u011fru ve verimli bir \u015fekilde eklemek i\u00e7in kullan\u0131l\u0131r. Bu sistemler hassas miktarda kimyasal madde da\u011f\u0131tmak \u00fczere tasarlanm\u0131\u015ft\u0131r.<\/p>\n","protected":false},"featured_media":2016,"comment_status":"open","ping_status":"closed","template":"","meta":[],"product_cat":[66],"product_tag":[],"_links":{"self":[{"href":"https:\/\/alfatechmuhendislik.com\/tr\/wp-json\/wp\/v2\/product\/2333"}],"collection":[{"href":"https:\/\/alfatechmuhendislik.com\/tr\/wp-json\/wp\/v2\/product"}],"about":[{"href":"https:\/\/alfatechmuhendislik.com\/tr\/wp-json\/wp\/v2\/types\/product"}],"replies":[{"embeddable":true,"href":"https:\/\/alfatechmuhendislik.com\/tr\/wp-json\/wp\/v2\/comments?post=2333"}],"wp:featuredmedia":[{"embeddable":true,"href":"https:\/\/alfatechmuhendislik.com\/tr\/wp-json\/wp\/v2\/media\/2016"}],"wp:attachment":[{"href":"https:\/\/alfatechmuhendislik.com\/tr\/wp-json\/wp\/v2\/media?parent=2333"}],"wp:term":[{"taxonomy":"product_cat","embeddable":true,"href":"https:\/\/alfatechmuhendislik.com\/tr\/wp-json\/wp\/v2\/product_cat?post=2333"},{"taxonomy":"product_tag","embeddable":true,"href":"https:\/\/alfatechmuhendislik.com\/tr\/wp-json\/wp\/v2\/product_tag?post=2333"}],"curies":[{"name":"wp","href":"https:\/\/api.w.org\/{rel}","templated":true}]}}