{"id":2337,"date":"2023-09-11T11:57:41","date_gmt":"2023-09-11T08:57:41","guid":{"rendered":"https:\/\/websitesi-kurma.com\/demo-chd8\/urun\/yatay-mikserler\/"},"modified":"2023-09-11T11:57:41","modified_gmt":"2023-09-11T08:57:41","slug":"horizontal-mixers","status":"publish","type":"product","link":"https:\/\/alfatechmuhendislik.com\/tr\/urun\/horizontal-mixers\/","title":{"rendered":"Yatay Mikserler"},"content":{"rendered":"<section class=\"content-block content-block--left content-block--1\">\n<div class=\"container\">\n<div class=\"content-block__content\">\n<div class=\"rich-text\">\n<p class=\"lead\">Su ve tuz i\u00e7eri\u011fine ili\u015fkin spesifikasyonlar\u0131 kar\u015f\u0131lamayan rafinerilerden gelen kal\u0131nt\u0131lar ve yukar\u0131 ak\u0131\u015f \u00fcr\u00fcnlerinden ve ayr\u0131ca s\u0131z\u0131nt\u0131lardan kaynaklanan ya\u011flardan olu\u015fabilen slop ya\u011f\u0131. Petrol \u00fcreten bir\u00e7ok \u00fclkede, \u00f6rne\u011fin G\u00fcney Amerika&#8217;da, Orta Do\u011fu&#8217;da veya Rusya&#8217;da, onlarca y\u0131ld\u0131r yap\u0131lan yayg\u0131n uygulama, bu kirlenmi\u015f petrollerin lag\u00fcnlere veya ara depolara pompalanmas\u0131 olmu\u015ftur; bu lag\u00fcnlerin her biri bir milyon varile kadar petrol depolama kapasitesine sahiptir. Lag\u00fcnler s\u0131kl\u0131kla tan\u0131mlanamayan bir ya\u011f, su ve \u00e7\u00f6kelti kar\u0131\u015f\u0131m\u0131n\u0131 bar\u0131nd\u0131r\u0131r. Su i\u00e7eri\u011fi, ya\u011f i\u00e7eri\u011fi gibi y\u00fczde 10 ila 70 aras\u0131nda de\u011fi\u015febilir ve kat\u0131 madde i\u00e7eri\u011fi y\u00fczde 3 ila 15 aras\u0131nda de\u011fi\u015febilir. Nispeten sulu, d\u00fc\u015f\u00fck viskoziteli bir kar\u0131\u015f\u0131mdan, 1000 Centistokes&#8217;ten daha fazla viskoziteye sahip katran benzeri maddelere kadar her \u015fey d\u00fc\u015f\u00fcn\u00fclebilir.<\/p>\n<\/div>\n<\/div>\n<\/div>\n<\/section>\n<section class=\"content-block content-block--left content-block--1\">\n<div class=\"container\">\n<div class=\"content-block__content\">\n<div class=\"rich-text\">\n<p>Bu uygulamaya y\u00f6nelik mevcut s\u00fcrahilerimiz, optimum yo\u011funla\u015ft\u0131rma i\u00e7in d\u00fc\u015f\u00fck hazne a\u00e7\u0131s\u0131na ve maksimum g\u00fc\u00e7 i\u00e7in hidrolik kayd\u0131rma tahrikine sahiptir. Ayr\u0131ca, \u00f6zg\u00fcl a\u011f\u0131rl\u0131\u011f\u0131 1,5 sg&#8217;ye kadar olan salamuralar\u0131n ta\u015f\u0131nmas\u0131 i\u00e7in patentli hazne tasar\u0131m\u0131m\u0131z da mevcuttur.<\/p>\n<\/div>\n<\/div>\n<\/div>\n<\/section>\n","protected":false},"excerpt":{"rendered":"<p>Su ve tuz i\u00e7eri\u011fine ili\u015fkin spesifikasyonlar\u0131 kar\u015f\u0131lamayan rafinerilerden gelen kal\u0131nt\u0131lar ve yukar\u0131 ak\u0131\u015f \u00fcr\u00fcnlerinden ve ayr\u0131ca s\u0131z\u0131nt\u0131lardan kaynaklanan ya\u011flardan olu\u015fabilen slop ya\u011f\u0131. Petrol \u00fcreten bir\u00e7ok \u00fclkede, \u00f6rne\u011fin G\u00fcney Amerika&#8217;da, Orta Do\u011fu&#8217;da veya Rusya&#8217;da, onlarca y\u0131ld\u0131r yap\u0131lan yayg\u0131n uygulama, bu kirlenmi\u015f petrollerin lag\u00fcnlere veya ara depolara pompalanmas\u0131 olmu\u015ftur; bu lag\u00fcnlerin her biri bir milyon varile kadar [&hellip;]<\/p>\n","protected":false},"featured_media":2070,"comment_status":"open","ping_status":"closed","template":"","meta":[],"product_cat":[58,70],"product_tag":[],"_links":{"self":[{"href":"https:\/\/alfatechmuhendislik.com\/tr\/wp-json\/wp\/v2\/product\/2337"}],"collection":[{"href":"https:\/\/alfatechmuhendislik.com\/tr\/wp-json\/wp\/v2\/product"}],"about":[{"href":"https:\/\/alfatechmuhendislik.com\/tr\/wp-json\/wp\/v2\/types\/product"}],"replies":[{"embeddable":true,"href":"https:\/\/alfatechmuhendislik.com\/tr\/wp-json\/wp\/v2\/comments?post=2337"}],"wp:featuredmedia":[{"embeddable":true,"href":"https:\/\/alfatechmuhendislik.com\/tr\/wp-json\/wp\/v2\/media\/2070"}],"wp:attachment":[{"href":"https:\/\/alfatechmuhendislik.com\/tr\/wp-json\/wp\/v2\/media?parent=2337"}],"wp:term":[{"taxonomy":"product_cat","embeddable":true,"href":"https:\/\/alfatechmuhendislik.com\/tr\/wp-json\/wp\/v2\/product_cat?post=2337"},{"taxonomy":"product_tag","embeddable":true,"href":"https:\/\/alfatechmuhendislik.com\/tr\/wp-json\/wp\/v2\/product_tag?post=2337"}],"curies":[{"name":"wp","href":"https:\/\/api.w.org\/{rel}","templated":true}]}}