{"id":2340,"date":"2023-08-24T10:43:28","date_gmt":"2023-08-24T07:43:28","guid":{"rendered":"https:\/\/websitesi-kurma.com\/demo-chd8\/urun\/laboratuvar-boyutunda-reaktorler\/"},"modified":"2023-08-24T10:43:28","modified_gmt":"2023-08-24T07:43:28","slug":"laboratory-size-reactors","status":"publish","type":"product","link":"https:\/\/alfatechmuhendislik.com\/tr\/urun\/laboratory-size-reactors\/","title":{"rendered":"Laboratuvar Boyutunda Reakt\u00f6rler"},"content":{"rendered":"<p>Laboratuvar boyutunda reakt\u00f6rler kullan\u0131c\u0131ya, kap i\u00e7eri\u011finin s\u0131cakl\u0131k kontrol\u00fc, pH veya bas\u0131n\u00e7 gibi parametrelerin \u00f6l\u00e7\u00fcm\u00fc ve kar\u0131\u015ft\u0131rma ve da\u011f\u0131tma uygulamalar\u0131 dahil olmak \u00fczere kimyasal reaksiyonlar \u00fczerinde daha fazla kontrol sa\u011flar. Patlamaya dayan\u0131kl\u0131 tasar\u0131ma (ATEX) sahip reakt\u00f6rler, solventlerin g\u00fcvenli bir \u015fekilde i\u015flenmesine olanak tan\u0131r. ve kaptaki asitler. Kompakt standart reakt\u00f6r kurulumu kolayca de\u011fi\u015ftirilebilir.<br \/>\n\u00d6zellikler:<\/p>\n<p>&#8211; Kar\u0131\u015ft\u0131rma, Sentez, Solvent Geri Kazan\u0131m\u0131 ve Dekarboksilasyonun \u00c7ok Y\u00f6nl\u00fc Fonksiyonlar\u0131<\/p>\n<p>&#8211; S\u0131hhi S\u0131n\u0131f Dayan\u0131kl\u0131 316 ve 304 Paslanmaz \u00c7elik<\/p>\n<p>&#8211; G\u0131da ve \u0130la\u00e7 End\u00fcstrisi Standartlar\u0131na Uygun Cilal\u0131 \u0130\u00e7 Tank<\/p>\n<p>&#8211; H\u0131zl\u0131 Kurulum ve Kolay Bak\u0131m<\/p>\n<p>&#8211; S\u00f6k\u00fclebilir ve Hacmi \u00d6zelle\u015ftirilebilir Kondenser ve Toplama Tanklar\u0131<\/p>\n<p>&#8211; T\u00fcm s\u0131zd\u0131rmazl\u0131k bile\u015fenlerindeki solvente dayan\u0131kl\u0131 PTFE, uzun s\u00fcre dayan\u0131kl\u0131l\u0131k ve \u00e7al\u0131\u015fma sa\u011flar.<\/p>\n<p>&#8211; Farkl\u0131 Uygulamalar i\u00e7in Kolay Yap\u0131land\u0131r\u0131labilir<\/p>\n<p>&#8211; Eri\u015filebilirlik ve stabilite i\u00e7in \u00f6zel tasarlanm\u0131\u015f yap\u0131<\/p>\n","protected":false},"excerpt":{"rendered":"<p>Laboratuvar boyutunda reakt\u00f6rler kullan\u0131c\u0131ya, kap i\u00e7eri\u011finin s\u0131cakl\u0131k kontrol\u00fc, pH veya bas\u0131n\u00e7 gibi parametrelerin \u00f6l\u00e7\u00fcm\u00fc ve kar\u0131\u015ft\u0131rma ve da\u011f\u0131tma uygulamalar\u0131 dahil olmak \u00fczere kimyasal reaksiyonlar \u00fczerinde daha fazla kontrol sa\u011flar. Patlamaya dayan\u0131kl\u0131 tasar\u0131ma (ATEX) sahip reakt\u00f6rler, solventlerin g\u00fcvenli bir \u015fekilde i\u015flenmesine olanak tan\u0131r. ve kaptaki asitler. Kompakt standart reakt\u00f6r kurulumu kolayca de\u011fi\u015ftirilebilir. \u00d6zellikler: &#8211; Kar\u0131\u015ft\u0131rma, Sentez, [&hellip;]<\/p>\n","protected":false},"featured_media":2063,"comment_status":"open","ping_status":"closed","template":"","meta":[],"product_cat":[75,61],"product_tag":[],"_links":{"self":[{"href":"https:\/\/alfatechmuhendislik.com\/tr\/wp-json\/wp\/v2\/product\/2340"}],"collection":[{"href":"https:\/\/alfatechmuhendislik.com\/tr\/wp-json\/wp\/v2\/product"}],"about":[{"href":"https:\/\/alfatechmuhendislik.com\/tr\/wp-json\/wp\/v2\/types\/product"}],"replies":[{"embeddable":true,"href":"https:\/\/alfatechmuhendislik.com\/tr\/wp-json\/wp\/v2\/comments?post=2340"}],"wp:featuredmedia":[{"embeddable":true,"href":"https:\/\/alfatechmuhendislik.com\/tr\/wp-json\/wp\/v2\/media\/2063"}],"wp:attachment":[{"href":"https:\/\/alfatechmuhendislik.com\/tr\/wp-json\/wp\/v2\/media?parent=2340"}],"wp:term":[{"taxonomy":"product_cat","embeddable":true,"href":"https:\/\/alfatechmuhendislik.com\/tr\/wp-json\/wp\/v2\/product_cat?post=2340"},{"taxonomy":"product_tag","embeddable":true,"href":"https:\/\/alfatechmuhendislik.com\/tr\/wp-json\/wp\/v2\/product_tag?post=2340"}],"curies":[{"name":"wp","href":"https:\/\/api.w.org\/{rel}","templated":true}]}}