{"id":2341,"date":"2023-08-24T10:33:11","date_gmt":"2023-08-24T07:33:11","guid":{"rendered":"https:\/\/websitesi-kurma.com\/demo-chd8\/urun\/endustriyel-boyutlu-reaktorler\/"},"modified":"2023-08-24T10:33:11","modified_gmt":"2023-08-24T07:33:11","slug":"industrial-size-reactors","status":"publish","type":"product","link":"https:\/\/alfatechmuhendislik.com\/tr\/urun\/industrial-size-reactors\/","title":{"rendered":"End\u00fcstriyel Boyutlu Reakt\u00f6rler"},"content":{"rendered":"<p>K\u00fc\u00e7\u00fck \u00f6l\u00e7ekli BATCH FORMULA\u00ae PRO Y\u00fcksek Kesme Testi Kar\u0131\u015ft\u0131r\u0131c\u0131s\u0131 100L, standart, tam \u00f6l\u00e7ekli bir BATCH FORMULA\u00ae PRO Y\u00fcksek Kesme Kar\u0131\u015ft\u0131r\u0131c\u0131s\u0131na yat\u0131r\u0131m yapmadan \u00f6nce bir form\u00fclasyonu denemek ve geli\u015ftirmek i\u00e7in uygun maliyetli bir se\u00e7enektir. Tarif haz\u0131rlamak ve s\u0131cakl\u0131k profilleri ve \u00fcretim s\u00fcreleri gibi \u00f6nemli s\u00fcre\u00e7 parametrelerini netle\u015ftirmek i\u00e7in testler yap\u0131labilir; bu da \u00f6l\u00e7ek b\u00fcy\u00fctmeyi ve s\u00fcre\u00e7 geli\u015fimini h\u0131zland\u0131r\u0131r.<\/p>\n<p>M\u00fcmk\u00fcn olan en y\u00fcksek verimlilik, esneklik ve hijyen seviyelerini sa\u011flayarak, ilk k\u00fc\u00e7\u00fck \u00f6l\u00e7ekli testlerden tam \u00f6l\u00e7ekli ticari \u00fcretime kadar y\u00fcksek par\u00e7alay\u0131c\u0131 kar\u0131\u015ft\u0131rma ekipmanlar\u0131 sunuyoruz.<\/p>\n<p>M\u00fc\u015fteriler 100L test mikserini ve \u00e7\u00f6z\u00fcmlerini Almanya, Danimarka ve ABD&#8217;deki test ba\u015far\u0131s\u0131zl\u0131klar\u0131m\u0131zda test etmeyi se\u00e7ebilirler.<\/p>\n<p>\u00dcr\u00fcn geli\u015ftirme planlar\u0131n\u0131z hakk\u0131nda bug\u00fcn bize ula\u015f\u0131n<\/p>\n<p><strong>Kiral\u0131k<\/strong><\/p>\n<p>100 L GEA BATCH FORMULA\u00ae PRO Y\u00fcksek Kesme Testi Mikserlerimiz hem k\u0131sa hem de uzun vadeli kiralamalar i\u00e7in mevcuttur ve d\u00fcnya \u00e7ap\u0131nda g\u00f6nderilebilir; b\u00f6ylece kendi hammaddelerinizi kullanarak kendi testlerinizi kendi sahan\u0131zda ger\u00e7ekle\u015ftirmenize olanak tan\u0131r. Baz\u0131 m\u00fc\u015fterilerin bunu g\u00f6z korkutucu bir olas\u0131l\u0131k olarak g\u00f6rebilece\u011fini biliyoruz ve bu nedenle sizi desteklemek i\u00e7in her zaman haz\u0131r olaca\u011f\u0131z.<\/p>\n<p>Y\u00fcksek kesmeli kiral\u0131k test kar\u0131\u015ft\u0131r\u0131c\u0131lar\u0131m\u0131z tesislerinize kolayl\u0131kla kurulabilir ve mevcut proses ekipman\u0131n\u0131za ba\u011flanabilir.<\/p>\n<p>Sahip olmadan \u00f6nce kiralay\u0131n: daha fazlas\u0131n\u0131 \u00f6\u011frenmek i\u00e7in bug\u00fcn bizimle ileti\u015fime ge\u00e7in<\/p>\n","protected":false},"excerpt":{"rendered":"<p>K\u00fc\u00e7\u00fck \u00f6l\u00e7ekli BATCH FORMULA\u00ae PRO Y\u00fcksek Kesme Testi Kar\u0131\u015ft\u0131r\u0131c\u0131s\u0131 100L, standart, tam \u00f6l\u00e7ekli bir BATCH FORMULA\u00ae PRO Y\u00fcksek Kesme Kar\u0131\u015ft\u0131r\u0131c\u0131s\u0131na yat\u0131r\u0131m yapmadan \u00f6nce bir form\u00fclasyonu denemek ve geli\u015ftirmek i\u00e7in uygun maliyetli bir se\u00e7enektir. Tarif haz\u0131rlamak ve s\u0131cakl\u0131k profilleri ve \u00fcretim s\u00fcreleri gibi \u00f6nemli s\u00fcre\u00e7 parametrelerini netle\u015ftirmek i\u00e7in testler yap\u0131labilir; bu da \u00f6l\u00e7ek b\u00fcy\u00fctmeyi ve s\u00fcre\u00e7 [&hellip;]<\/p>\n","protected":false},"featured_media":2063,"comment_status":"open","ping_status":"closed","template":"","meta":[],"product_cat":[75,61],"product_tag":[],"_links":{"self":[{"href":"https:\/\/alfatechmuhendislik.com\/tr\/wp-json\/wp\/v2\/product\/2341"}],"collection":[{"href":"https:\/\/alfatechmuhendislik.com\/tr\/wp-json\/wp\/v2\/product"}],"about":[{"href":"https:\/\/alfatechmuhendislik.com\/tr\/wp-json\/wp\/v2\/types\/product"}],"replies":[{"embeddable":true,"href":"https:\/\/alfatechmuhendislik.com\/tr\/wp-json\/wp\/v2\/comments?post=2341"}],"wp:featuredmedia":[{"embeddable":true,"href":"https:\/\/alfatechmuhendislik.com\/tr\/wp-json\/wp\/v2\/media\/2063"}],"wp:attachment":[{"href":"https:\/\/alfatechmuhendislik.com\/tr\/wp-json\/wp\/v2\/media?parent=2341"}],"wp:term":[{"taxonomy":"product_cat","embeddable":true,"href":"https:\/\/alfatechmuhendislik.com\/tr\/wp-json\/wp\/v2\/product_cat?post=2341"},{"taxonomy":"product_tag","embeddable":true,"href":"https:\/\/alfatechmuhendislik.com\/tr\/wp-json\/wp\/v2\/product_tag?post=2341"}],"curies":[{"name":"wp","href":"https:\/\/api.w.org\/{rel}","templated":true}]}}