{"id":2342,"date":"2023-08-22T16:47:29","date_gmt":"2023-08-22T13:47:29","guid":{"rendered":"https:\/\/websitesi-kurma.com\/demo-chd8\/urun\/karisim-formulu-yuksek-kesme-testi-mikserleri\/"},"modified":"2023-08-22T16:47:29","modified_gmt":"2023-08-22T13:47:29","slug":"mixing-formula-high-shear-test-mixers","status":"publish","type":"product","link":"https:\/\/alfatechmuhendislik.com\/tr\/urun\/mixing-formula-high-shear-test-mixers\/","title":{"rendered":"Kar\u0131\u015f\u0131m Form\u00fcl\u00fc Y\u00fcksek Kesme Testi Mikserleri"},"content":{"rendered":"<p>\u00c7ok i\u015flevli <strong>BATCH FORMULA\u00ae PRO Y\u00fcksek Par\u00e7alay\u0131c\u0131 Kar\u0131\u015ft\u0131r\u0131c\u0131<\/strong> <strong>Vakumlu <\/strong>, tozu vakum alt\u0131nda s\u0131v\u0131 y\u00fczeyinin alt\u0131na benzersiz bir \u015fekilde katar. Bu, tozu an\u0131nda \u0131slat\u0131r ve havas\u0131n\u0131 al\u0131r, b\u00f6ylece uzun raf \u00f6mr\u00fcne sahip, tekd\u00fcze, homojen, son derece stabil bir \u00fcr\u00fcn elde edilir. Ya\u011f\u0131n do\u011frudan y\u00fcksek kesmeli kar\u0131\u015ft\u0131rma cihaz\u0131na verilmesinin faydas\u0131, stabil, tutarl\u0131 bir em\u00fclsiyona katk\u0131da bulunan \u00e7ok k\u00fc\u00e7\u00fck ya\u011f damlac\u0131klar\u0131n\u0131n \u00fcretilmesidir.<\/p>\n<p><strong>BATCH FORMULA\u00ae PRO<\/strong> <strong>Vakumsuz<\/strong> Y\u00fcksek Par\u00e7alay\u0131c\u0131 Kar\u0131\u015ft\u0131r\u0131c\u0131, t\u00fcm toz ve s\u0131v\u0131n\u0131n m\u00fc\u015fterinin spesifikasyonlar\u0131na g\u00f6re manuel olarak veya bir silo kald\u0131r\u0131c\u0131yla eklenmesini sa\u011flar.<\/p>\n<p>Bu tek potal\u0131 \u00e7\u00f6z\u00fcm ayn\u0131 zamanda enerji kullan\u0131m\u0131n\u0131 azalt\u0131r, zamandan tasarruf sa\u011flar ve hem yerinde temizlik (CIP) s\u00fcre\u00e7lerini hem de \u00fcretim karl\u0131l\u0131\u011f\u0131n\u0131 optimize eder.<\/p>\n","protected":false},"excerpt":{"rendered":"<p>\u00c7ok i\u015flevli BATCH FORMULA\u00ae PRO Y\u00fcksek Par\u00e7alay\u0131c\u0131 Kar\u0131\u015ft\u0131r\u0131c\u0131 Vakumlu , tozu vakum alt\u0131nda s\u0131v\u0131 y\u00fczeyinin alt\u0131na benzersiz bir \u015fekilde katar. Bu, tozu an\u0131nda \u0131slat\u0131r ve havas\u0131n\u0131 al\u0131r, b\u00f6ylece uzun raf \u00f6mr\u00fcne sahip, tekd\u00fcze, homojen, son derece stabil bir \u00fcr\u00fcn elde edilir. Ya\u011f\u0131n do\u011frudan y\u00fcksek kesmeli kar\u0131\u015ft\u0131rma cihaz\u0131na verilmesinin faydas\u0131, stabil, tutarl\u0131 bir em\u00fclsiyona katk\u0131da bulunan [&hellip;]<\/p>\n","protected":false},"featured_media":2025,"comment_status":"open","ping_status":"closed","template":"","meta":[],"product_cat":[58,76],"product_tag":[],"_links":{"self":[{"href":"https:\/\/alfatechmuhendislik.com\/tr\/wp-json\/wp\/v2\/product\/2342"}],"collection":[{"href":"https:\/\/alfatechmuhendislik.com\/tr\/wp-json\/wp\/v2\/product"}],"about":[{"href":"https:\/\/alfatechmuhendislik.com\/tr\/wp-json\/wp\/v2\/types\/product"}],"replies":[{"embeddable":true,"href":"https:\/\/alfatechmuhendislik.com\/tr\/wp-json\/wp\/v2\/comments?post=2342"}],"wp:featuredmedia":[{"embeddable":true,"href":"https:\/\/alfatechmuhendislik.com\/tr\/wp-json\/wp\/v2\/media\/2025"}],"wp:attachment":[{"href":"https:\/\/alfatechmuhendislik.com\/tr\/wp-json\/wp\/v2\/media?parent=2342"}],"wp:term":[{"taxonomy":"product_cat","embeddable":true,"href":"https:\/\/alfatechmuhendislik.com\/tr\/wp-json\/wp\/v2\/product_cat?post=2342"},{"taxonomy":"product_tag","embeddable":true,"href":"https:\/\/alfatechmuhendislik.com\/tr\/wp-json\/wp\/v2\/product_tag?post=2342"}],"curies":[{"name":"wp","href":"https:\/\/api.w.org\/{rel}","templated":true}]}}